{"id":641,"date":"2024-04-12T10:59:05","date_gmt":"2024-04-12T10:59:05","guid":{"rendered":"https:\/\/cannabismadridclub.com\/?page_id=641"},"modified":"2024-04-12T18:31:29","modified_gmt":"2024-04-12T18:31:29","slug":"blog","status":"publish","type":"page","link":"https:\/\/cannabismadridclub.com\/de\/blog\/","title":{"rendered":"Blog"},"content":{"rendered":"<div data-elementor-type=\"wp-page\" data-elementor-id=\"641\" class=\"elementor elementor-641\" data-elementor-post-type=\"page\">\n\t\t\t\t\t\t<section class=\"elementor-section elementor-top-section elementor-element elementor-element-3958d75 elementor-section-height-min-height elementor-section-boxed elementor-section-height-default elementor-section-items-middle\" data-id=\"3958d75\" data-element_type=\"section\" data-settings=\"{&quot;background_background&quot;:&quot;classic&quot;}\">\n\t\t\t\t\t\t<div class=\"elementor-container elementor-column-gap-default\">\n\t\t\t\t\t<div class=\"elementor-column elementor-col-100 elementor-top-column elementor-element elementor-element-16e259f\" data-id=\"16e259f\" data-element_type=\"column\">\n\t\t\t<div class=\"elementor-widget-wrap elementor-element-populated\">\n\t\t\t\t\t\t<div class=\"elementor-element elementor-element-1676014 elementor-widget elementor-widget-html\" data-id=\"1676014\" data-element_type=\"widget\" data-widget_type=\"html.default\">\n\t\t\t\t<div class=\"elementor-widget-container\">\n\t\t\t<style>\n    .elementor-posts-container.elementor-has-item-ratio .elementor-post__thumbnail.elementor-fit-height img {\n    height: 100%;\n    width: auto;\n    height: 100% !important;\n}\n<\/style>\t\t<\/div>\n\t\t\t\t<\/div>\n\t\t\t\t<div class=\"elementor-element elementor-element-be7d57d elementor-widget elementor-widget-heading\" data-id=\"be7d57d\" data-element_type=\"widget\" data-widget_type=\"heading.default\">\n\t\t\t\t<div class=\"elementor-widget-container\">\n\t\t\t<h2 class=\"elementor-heading-title elementor-size-default\">Cannabis Madrid Blog<\/h2>\t\t<\/div>\n\t\t\t\t<\/div>\n\t\t\t\t\t<\/div>\n\t\t<\/div>\n\t\t\t\t\t<\/div>\n\t\t<\/section>\n\t\t\t\t<section class=\"elementor-section elementor-top-section elementor-element elementor-element-30931960 elementor-section-boxed elementor-section-height-default elementor-section-height-default\" data-id=\"30931960\" data-element_type=\"section\" data-settings=\"{&quot;background_background&quot;:&quot;classic&quot;}\">\n\t\t\t\t\t\t<div class=\"elementor-container elementor-column-gap-default\">\n\t\t\t\t\t<div class=\"elementor-column elementor-col-100 elementor-top-column elementor-element elementor-element-2117a60\" data-id=\"2117a60\" data-element_type=\"column\">\n\t\t\t<div class=\"elementor-widget-wrap elementor-element-populated\">\n\t\t\t\t\t\t<div class=\"elementor-element elementor-element-adf94ab elementor-grid-3 elementor-grid-tablet-2 elementor-grid-mobile-1 elementor-posts--thumbnail-top load-more-align-center elementor-widget elementor-widget-posts\" data-id=\"adf94ab\" data-element_type=\"widget\" data-settings=\"{&quot;pagination_type&quot;:&quot;load_more_on_click&quot;,&quot;classic_columns&quot;:&quot;3&quot;,&quot;classic_columns_tablet&quot;:&quot;2&quot;,&quot;classic_columns_mobile&quot;:&quot;1&quot;,&quot;classic_row_gap&quot;:{&quot;unit&quot;:&quot;px&quot;,&quot;size&quot;:35,&quot;sizes&quot;:[]},&quot;classic_row_gap_tablet&quot;:{&quot;unit&quot;:&quot;px&quot;,&quot;size&quot;:&quot;&quot;,&quot;sizes&quot;:[]},&quot;classic_row_gap_mobile&quot;:{&quot;unit&quot;:&quot;px&quot;,&quot;size&quot;:&quot;&quot;,&quot;sizes&quot;:[]},&quot;load_more_spinner&quot;:{&quot;value&quot;:&quot;fas fa-spinner&quot;,&quot;library&quot;:&quot;fa-solid&quot;}}\" data-widget_type=\"posts.classic\">\n\t\t\t\t<div class=\"elementor-widget-container\">\n\t\t\t\t\t<div class=\"elementor-posts-container elementor-posts elementor-posts--skin-classic elementor-grid\">\n\t\t\t\t<article class=\"elementor-post elementor-grid-item post-1088 post type-post status-publish format-standard has-post-thumbnail hentry category-uncategorized entry\">\n\t\t\t\t<a class=\"elementor-post__thumbnail__link\" href=\"https:\/\/cannabismadridclub.com\/de\/marihuana-evolucionada-ciencia-tecnologia-y-cultivo-3d\/\" tabindex=\"-1\" >\n\t\t\t<div class=\"elementor-post__thumbnail\"><img fetchpriority=\"high\" decoding=\"async\" width=\"1225\" height=\"980\" src=\"https:\/\/cannabismadridclub.com\/wp-content\/uploads\/2025\/12\/laboratory-research-with-cannabis-liquid-free-vector.jpg\" class=\"attachment-full size-full wp-image-1089\" alt=\"\" style=\"width:100%;height:80%;max-width:1225px\" srcset=\"https:\/\/cannabismadridclub.com\/wp-content\/uploads\/2025\/12\/laboratory-research-with-cannabis-liquid-free-vector.jpg 1225w, https:\/\/cannabismadridclub.com\/wp-content\/uploads\/2025\/12\/laboratory-research-with-cannabis-liquid-free-vector-300x240.jpg 300w, https:\/\/cannabismadridclub.com\/wp-content\/uploads\/2025\/12\/laboratory-research-with-cannabis-liquid-free-vector-1024x819.jpg 1024w, https:\/\/cannabismadridclub.com\/wp-content\/uploads\/2025\/12\/laboratory-research-with-cannabis-liquid-free-vector-768x614.jpg 768w, https:\/\/cannabismadridclub.com\/wp-content\/uploads\/2025\/12\/laboratory-research-with-cannabis-liquid-free-vector-15x12.jpg 15w\" sizes=\"(max-width: 1225px) 100vw, 1225px\" \/><\/div>\n\t\t<\/a>\n\t\t\t\t<div class=\"elementor-post__text\">\n\t\t\t\t<h3 class=\"elementor-post__title\">\n\t\t\t<a href=\"https:\/\/cannabismadridclub.com\/de\/marihuana-evolucionada-ciencia-tecnologia-y-cultivo-3d\/\" >\n\t\t\t\tMarihuana Evolucionada: Ciencia, Tecnolog\u00eda y Cultivo 3D\t\t\t<\/a>\n\t\t<\/h3>\n\t\t\t\t<div class=\"elementor-post__meta-data\">\n\t\t\t\t\t<span class=\"elementor-post-date\">\n\t\t\tDezember 4, 2025\t\t<\/span>\n\t\t\t\t<span class=\"elementor-post-avatar\">\n\t\t\tKeine Kommentare\t\t<\/span>\n\t\t\t\t<\/div>\n\t\t\t\t<div class=\"elementor-post__excerpt\">\n\t\t\t<p>Innovaci\u00f3n que transforma la planta La marihuana, tradicionalmente cultivada de forma artesanal, est\u00e1 ingresando en una nueva era impulsada por la ciencia y la tecnolog\u00eda.<\/p>\n\t\t<\/div>\n\t\t\n\t\t<a class=\"elementor-post__read-more\" href=\"https:\/\/cannabismadridclub.com\/de\/marihuana-evolucionada-ciencia-tecnologia-y-cultivo-3d\/\" aria-label=\"Read more about Marihuana Evolucionada: Ciencia, Tecnolog\u00eda y Cultivo 3D\" tabindex=\"-1\" >\n\t\t\tMehr lesen \"\t\t<\/a>\n\n\t\t\t\t<\/div>\n\t\t\t\t<\/article>\n\t\t\t\t<article class=\"elementor-post elementor-grid-item post-1083 post type-post status-publish format-standard has-post-thumbnail hentry category-uncategorized entry\">\n\t\t\t\t<a class=\"elementor-post__thumbnail__link\" href=\"https:\/\/cannabismadridclub.com\/de\/territorios-canabicos-la-planta-gana-espacio-en-el-escenario-urbano\/\" tabindex=\"-1\" >\n\t\t\t<div class=\"elementor-post__thumbnail\"><img decoding=\"async\" width=\"600\" height=\"600\" src=\"https:\/\/cannabismadridclub.com\/wp-content\/uploads\/2025\/11\/depositphotos_339094694-stock-photo-background-cannabis-smoke-black-backdrop.webp\" class=\"attachment-full size-full wp-image-1084\" alt=\"\" style=\"width:100%;height:100%;max-width:600px\" srcset=\"https:\/\/cannabismadridclub.com\/wp-content\/uploads\/2025\/11\/depositphotos_339094694-stock-photo-background-cannabis-smoke-black-backdrop.webp 600w, https:\/\/cannabismadridclub.com\/wp-content\/uploads\/2025\/11\/depositphotos_339094694-stock-photo-background-cannabis-smoke-black-backdrop-300x300.webp 300w, https:\/\/cannabismadridclub.com\/wp-content\/uploads\/2025\/11\/depositphotos_339094694-stock-photo-background-cannabis-smoke-black-backdrop-150x150.webp 150w, https:\/\/cannabismadridclub.com\/wp-content\/uploads\/2025\/11\/depositphotos_339094694-stock-photo-background-cannabis-smoke-black-backdrop-12x12.webp 12w\" sizes=\"(max-width: 600px) 100vw, 600px\" \/><\/div>\n\t\t<\/a>\n\t\t\t\t<div class=\"elementor-post__text\">\n\t\t\t\t<h3 class=\"elementor-post__title\">\n\t\t\t<a href=\"https:\/\/cannabismadridclub.com\/de\/territorios-canabicos-la-planta-gana-espacio-en-el-escenario-urbano\/\" >\n\t\t\t\tTerritorios Can\u00e1bicos: La Planta Gana Espacio en el Escenario Urbano\t\t\t<\/a>\n\t\t<\/h3>\n\t\t\t\t<div class=\"elementor-post__meta-data\">\n\t\t\t\t\t<span class=\"elementor-post-date\">\n\t\t\tNovember 27, 2025\t\t<\/span>\n\t\t\t\t<span class=\"elementor-post-avatar\">\n\t\t\tKeine Kommentare\t\t<\/span>\n\t\t\t\t<\/div>\n\t\t\t\t<div class=\"elementor-post__excerpt\">\n\t\t\t<p>En pleno siglo XXI, las ciudades se transforman a una velocidad vertiginosa. Nuevas demandas sociales, clim\u00e1ticas y culturales exigen una relectura del espacio urbano. Entre<\/p>\n\t\t<\/div>\n\t\t\n\t\t<a class=\"elementor-post__read-more\" href=\"https:\/\/cannabismadridclub.com\/de\/territorios-canabicos-la-planta-gana-espacio-en-el-escenario-urbano\/\" aria-label=\"Read more about Territorios Can\u00e1bicos: La Planta Gana Espacio en el Escenario Urbano\" tabindex=\"-1\" >\n\t\t\tMehr lesen \"\t\t<\/a>\n\n\t\t\t\t<\/div>\n\t\t\t\t<\/article>\n\t\t\t\t<article class=\"elementor-post elementor-grid-item post-1078 post type-post status-publish format-standard has-post-thumbnail hentry category-uncategorized entry\">\n\t\t\t\t<a class=\"elementor-post__thumbnail__link\" href=\"https:\/\/cannabismadridclub.com\/de\/el-consumidor-joven-en-evolucion-una-relacion-mas-informada-critica-y-conectada-con-la-cannabis\/\" tabindex=\"-1\" >\n\t\t\t<div class=\"elementor-post__thumbnail\"><img decoding=\"async\" width=\"630\" height=\"360\" src=\"https:\/\/cannabismadridclub.com\/wp-content\/uploads\/2025\/11\/360_F_577623362_caQ26It4YdyrmjdqAAN2q9HHwrM5eFds.jpg\" class=\"attachment-full size-full wp-image-1079\" alt=\"\" style=\"width:100%;height:57.14%;max-width:630px\" srcset=\"https:\/\/cannabismadridclub.com\/wp-content\/uploads\/2025\/11\/360_F_577623362_caQ26It4YdyrmjdqAAN2q9HHwrM5eFds.jpg 630w, https:\/\/cannabismadridclub.com\/wp-content\/uploads\/2025\/11\/360_F_577623362_caQ26It4YdyrmjdqAAN2q9HHwrM5eFds-300x171.jpg 300w, https:\/\/cannabismadridclub.com\/wp-content\/uploads\/2025\/11\/360_F_577623362_caQ26It4YdyrmjdqAAN2q9HHwrM5eFds-18x10.jpg 18w\" sizes=\"(max-width: 630px) 100vw, 630px\" \/><\/div>\n\t\t<\/a>\n\t\t\t\t<div class=\"elementor-post__text\">\n\t\t\t\t<h3 class=\"elementor-post__title\">\n\t\t\t<a href=\"https:\/\/cannabismadridclub.com\/de\/el-consumidor-joven-en-evolucion-una-relacion-mas-informada-critica-y-conectada-con-la-cannabis\/\" >\n\t\t\t\tEl consumidor joven en evoluci\u00f3n: una relaci\u00f3n m\u00e1s informada, cr\u00edtica y conectada con la cannabis\t\t\t<\/a>\n\t\t<\/h3>\n\t\t\t\t<div class=\"elementor-post__meta-data\">\n\t\t\t\t\t<span class=\"elementor-post-date\">\n\t\t\tNovember 20, 2025\t\t<\/span>\n\t\t\t\t<span class=\"elementor-post-avatar\">\n\t\t\tKeine Kommentare\t\t<\/span>\n\t\t\t\t<\/div>\n\t\t\t\t<div class=\"elementor-post__excerpt\">\n\t\t\t<p>Introducci\u00f3n: un nuevo paradigma en el consumo cann\u00e1bico En Espa\u00f1a, el uso de cannabis est\u00e1 experimentando una transformaci\u00f3n impulsada por una generaci\u00f3n que ya no<\/p>\n\t\t<\/div>\n\t\t\n\t\t<a class=\"elementor-post__read-more\" href=\"https:\/\/cannabismadridclub.com\/de\/el-consumidor-joven-en-evolucion-una-relacion-mas-informada-critica-y-conectada-con-la-cannabis\/\" aria-label=\"Read more about El consumidor joven en evoluci\u00f3n: una relaci\u00f3n m\u00e1s informada, cr\u00edtica y conectada con la cannabis\" tabindex=\"-1\" >\n\t\t\tMehr lesen \"\t\t<\/a>\n\n\t\t\t\t<\/div>\n\t\t\t\t<\/article>\n\t\t\t\t<article class=\"elementor-post elementor-grid-item post-1075 post type-post status-publish format-standard has-post-thumbnail hentry category-uncategorized entry\">\n\t\t\t\t<a class=\"elementor-post__thumbnail__link\" href=\"https:\/\/cannabismadridclub.com\/de\/turismo-canabico-en-espana-descubre-los-famosos-clubes-de-cannabis\/\" tabindex=\"-1\" >\n\t\t\t<div class=\"elementor-post__thumbnail\"><img loading=\"lazy\" decoding=\"async\" width=\"1024\" height=\"640\" src=\"https:\/\/cannabismadridclub.com\/wp-content\/uploads\/2025\/11\/Weed-Club.jpg\" class=\"attachment-full size-full wp-image-1076\" alt=\"\" style=\"width:100%;height:62.5%;max-width:1024px\" srcset=\"https:\/\/cannabismadridclub.com\/wp-content\/uploads\/2025\/11\/Weed-Club.jpg 1024w, https:\/\/cannabismadridclub.com\/wp-content\/uploads\/2025\/11\/Weed-Club-300x188.jpg 300w, https:\/\/cannabismadridclub.com\/wp-content\/uploads\/2025\/11\/Weed-Club-768x480.jpg 768w, https:\/\/cannabismadridclub.com\/wp-content\/uploads\/2025\/11\/Weed-Club-18x12.jpg 18w\" sizes=\"(max-width: 1024px) 100vw, 1024px\" \/><\/div>\n\t\t<\/a>\n\t\t\t\t<div class=\"elementor-post__text\">\n\t\t\t\t<h3 class=\"elementor-post__title\">\n\t\t\t<a href=\"https:\/\/cannabismadridclub.com\/de\/turismo-canabico-en-espana-descubre-los-famosos-clubes-de-cannabis\/\" >\n\t\t\t\tTurismo Can\u00e1bico en Espa\u00f1a \u2013 Descubre los Famosos Clubes de Cannabis\t\t\t<\/a>\n\t\t<\/h3>\n\t\t\t\t<div class=\"elementor-post__meta-data\">\n\t\t\t\t\t<span class=\"elementor-post-date\">\n\t\t\tNovember 13, 2025\t\t<\/span>\n\t\t\t\t<span class=\"elementor-post-avatar\">\n\t\t\tKeine Kommentare\t\t<\/span>\n\t\t\t\t<\/div>\n\t\t\t\t<div class=\"elementor-post__excerpt\">\n\t\t\t<p>Introducci\u00f3n: Una nueva forma de viajar El turismo can\u00e1bico en Espa\u00f1a ha crecido de manera notable en los \u00faltimos a\u00f1os. Cada vez m\u00e1s viajeros llegan<\/p>\n\t\t<\/div>\n\t\t\n\t\t<a class=\"elementor-post__read-more\" href=\"https:\/\/cannabismadridclub.com\/de\/turismo-canabico-en-espana-descubre-los-famosos-clubes-de-cannabis\/\" aria-label=\"Read more about Turismo Can\u00e1bico en Espa\u00f1a \u2013 Descubre los Famosos Clubes de Cannabis\" tabindex=\"-1\" >\n\t\t\tMehr lesen \"\t\t<\/a>\n\n\t\t\t\t<\/div>\n\t\t\t\t<\/article>\n\t\t\t\t<article class=\"elementor-post elementor-grid-item post-1069 post type-post status-publish format-standard has-post-thumbnail hentry category-uncategorized entry\">\n\t\t\t\t<a class=\"elementor-post__thumbnail__link\" href=\"https:\/\/cannabismadridclub.com\/de\/verde-es-el-nuevo-humano\/\" tabindex=\"-1\" >\n\t\t\t<div class=\"elementor-post__thumbnail\"><img loading=\"lazy\" decoding=\"async\" width=\"1086\" height=\"652\" src=\"https:\/\/cannabismadridclub.com\/wp-content\/uploads\/2025\/11\/anvisa-aprova-registro-e-venda-de-remedios-a-base-de-maconha.jpg\" class=\"attachment-full size-full wp-image-1070\" alt=\"\" style=\"width:100%;height:60.04%;max-width:1086px\" srcset=\"https:\/\/cannabismadridclub.com\/wp-content\/uploads\/2025\/11\/anvisa-aprova-registro-e-venda-de-remedios-a-base-de-maconha.jpg 1086w, https:\/\/cannabismadridclub.com\/wp-content\/uploads\/2025\/11\/anvisa-aprova-registro-e-venda-de-remedios-a-base-de-maconha-300x180.jpg 300w, https:\/\/cannabismadridclub.com\/wp-content\/uploads\/2025\/11\/anvisa-aprova-registro-e-venda-de-remedios-a-base-de-maconha-1024x615.jpg 1024w, https:\/\/cannabismadridclub.com\/wp-content\/uploads\/2025\/11\/anvisa-aprova-registro-e-venda-de-remedios-a-base-de-maconha-768x461.jpg 768w, https:\/\/cannabismadridclub.com\/wp-content\/uploads\/2025\/11\/anvisa-aprova-registro-e-venda-de-remedios-a-base-de-maconha-18x12.jpg 18w\" sizes=\"(max-width: 1086px) 100vw, 1086px\" \/><\/div>\n\t\t<\/a>\n\t\t\t\t<div class=\"elementor-post__text\">\n\t\t\t\t<h3 class=\"elementor-post__title\">\n\t\t\t<a href=\"https:\/\/cannabismadridclub.com\/de\/verde-es-el-nuevo-humano\/\" >\n\t\t\t\tVerde es el Nuevo Humano\t\t\t<\/a>\n\t\t<\/h3>\n\t\t\t\t<div class=\"elementor-post__meta-data\">\n\t\t\t\t\t<span class=\"elementor-post-date\">\n\t\t\tNovember 6, 2025\t\t<\/span>\n\t\t\t\t<span class=\"elementor-post-avatar\">\n\t\t\tKeine Kommentare\t\t<\/span>\n\t\t\t\t<\/div>\n\t\t\t\t<div class=\"elementor-post__excerpt\">\n\t\t\t<p>Una nueva conciencia est\u00e1 germinando El viejo modelo de humanidad se est\u00e1 marchitando. El humano que corr\u00eda, que compet\u00eda, que viv\u00eda desconectado de la tierra,<\/p>\n\t\t<\/div>\n\t\t\n\t\t<a class=\"elementor-post__read-more\" href=\"https:\/\/cannabismadridclub.com\/de\/verde-es-el-nuevo-humano\/\" aria-label=\"Read more about Verde es el Nuevo Humano\" tabindex=\"-1\" >\n\t\t\tMehr lesen \"\t\t<\/a>\n\n\t\t\t\t<\/div>\n\t\t\t\t<\/article>\n\t\t\t\t<article class=\"elementor-post elementor-grid-item post-1065 post type-post status-publish format-standard has-post-thumbnail hentry category-uncategorized entry\">\n\t\t\t\t<a class=\"elementor-post__thumbnail__link\" href=\"https:\/\/cannabismadridclub.com\/de\/salud-y-cannabis-como-espana-trata-el-uso-medicinal-de-la-planta\/\" tabindex=\"-1\" >\n\t\t\t<div class=\"elementor-post__thumbnail\"><img loading=\"lazy\" decoding=\"async\" width=\"800\" height=\"533\" src=\"https:\/\/cannabismadridclub.com\/wp-content\/uploads\/2025\/10\/amigos-relaxam-e-homens-com-ervas-daninhas-em-casa-para-fumar-maconha-drogas-a-noite-fumante-pessoas-cupula-de-canhamo-cbd-345238142.webp\" class=\"attachment-full size-full wp-image-1066\" alt=\"\" style=\"width:100%;height:66.63%;max-width:800px\" srcset=\"https:\/\/cannabismadridclub.com\/wp-content\/uploads\/2025\/10\/amigos-relaxam-e-homens-com-ervas-daninhas-em-casa-para-fumar-maconha-drogas-a-noite-fumante-pessoas-cupula-de-canhamo-cbd-345238142.webp 800w, https:\/\/cannabismadridclub.com\/wp-content\/uploads\/2025\/10\/amigos-relaxam-e-homens-com-ervas-daninhas-em-casa-para-fumar-maconha-drogas-a-noite-fumante-pessoas-cupula-de-canhamo-cbd-345238142-300x200.webp 300w, https:\/\/cannabismadridclub.com\/wp-content\/uploads\/2025\/10\/amigos-relaxam-e-homens-com-ervas-daninhas-em-casa-para-fumar-maconha-drogas-a-noite-fumante-pessoas-cupula-de-canhamo-cbd-345238142-768x512.webp 768w, https:\/\/cannabismadridclub.com\/wp-content\/uploads\/2025\/10\/amigos-relaxam-e-homens-com-ervas-daninhas-em-casa-para-fumar-maconha-drogas-a-noite-fumante-pessoas-cupula-de-canhamo-cbd-345238142-18x12.webp 18w\" sizes=\"(max-width: 800px) 100vw, 800px\" \/><\/div>\n\t\t<\/a>\n\t\t\t\t<div class=\"elementor-post__text\">\n\t\t\t\t<h3 class=\"elementor-post__title\">\n\t\t\t<a href=\"https:\/\/cannabismadridclub.com\/de\/salud-y-cannabis-como-espana-trata-el-uso-medicinal-de-la-planta\/\" >\n\t\t\t\tSalud y Cannabis: C\u00f3mo Espa\u00f1a Trata el Uso Medicinal de la Planta\t\t\t<\/a>\n\t\t<\/h3>\n\t\t\t\t<div class=\"elementor-post__meta-data\">\n\t\t\t\t\t<span class=\"elementor-post-date\">\n\t\t\tOktober 30, 2025\t\t<\/span>\n\t\t\t\t<span class=\"elementor-post-avatar\">\n\t\t\tKeine Kommentare\t\t<\/span>\n\t\t\t\t<\/div>\n\t\t\t\t<div class=\"elementor-post__excerpt\">\n\t\t\t<p>El debate sobre el cannabis medicinal en Espa\u00f1a ha ganado fuerza en los \u00faltimos a\u00f1os. Cada vez m\u00e1s estudios cient\u00edficos y testimonios de pacientes respaldan<\/p>\n\t\t<\/div>\n\t\t\n\t\t<a class=\"elementor-post__read-more\" href=\"https:\/\/cannabismadridclub.com\/de\/salud-y-cannabis-como-espana-trata-el-uso-medicinal-de-la-planta\/\" aria-label=\"Read more about Salud y Cannabis: C\u00f3mo Espa\u00f1a Trata el Uso Medicinal de la Planta\" tabindex=\"-1\" >\n\t\t\tMehr lesen \"\t\t<\/a>\n\n\t\t\t\t<\/div>\n\t\t\t\t<\/article>\n\t\t\t\t<\/div>\n\t\t\t\t\t<span class=\"e-load-more-spinner\">\n\t\t\t\t<i aria-hidden=\"true\" class=\"fas fa-spinner\"><\/i>\t\t\t<\/span>\n\t\t\n\t\t\t\t<div class=\"e-load-more-anchor\" data-page=\"1\" data-max-page=\"13\" data-next-page=\"https:\/\/cannabismadridclub.com\/de\/wp-json\/wp\/v2\/pages\/641\/page\/2\/\"><\/div>\n\t\t\t\t<div class=\"elementor-button-wrapper\">\n\t\t\t<a href=\"#\" class=\"elementor-button-link elementor-button\" role=\"button\">\n\t\t\t\t\t\t<span class=\"elementor-button-content-wrapper\">\n\t\t\t\t\t\t\t\t\t<span class=\"elementor-button-text\">Mehr laden<\/span>\n\t\t\t\t\t<\/span>\n\t\t\t\t\t<\/a>\n\t\t<\/div>\n\t\t\t\t<div class=\"e-load-more-message\"><\/div>\n\t\t\t\t<\/div>\n\t\t\t\t<\/div>\n\t\t\t\t\t<\/div>\n\t\t<\/div>\n\t\t\t\t\t<\/div>\n\t\t<\/section>\n\t\t\t\t<\/div>","protected":false},"excerpt":{"rendered":"<p>Cannabis Madrid Blog<\/p>","protected":false},"author":1,"featured_media":0,"parent":0,"menu_order":0,"comment_status":"closed","ping_status":"closed","template":"elementor_header_footer","meta":{"footnotes":""},"class_list":["post-641","page","type-page","status-publish","hentry","entry"],"yoast_head":"<!-- This site is optimized with the Yoast SEO plugin v24.0 - https:\/\/yoast.com\/wordpress\/plugins\/seo\/ -->\n<title>Blog - Cannabis Madrid Club<\/title>\n<meta name=\"robots\" content=\"index, follow, max-snippet:-1, max-image-preview:large, max-video-preview:-1\" \/>\n<link rel=\"canonical\" href=\"https:\/\/cannabismadridclub.com\/de\/blog\/\" \/>\n<meta property=\"og:locale\" content=\"de_DE\" \/>\n<meta property=\"og:type\" content=\"article\" \/>\n<meta property=\"og:title\" content=\"Blog - Cannabis Madrid Club\" \/>\n<meta property=\"og:description\" content=\"Cannabis Madrid Blog\" \/>\n<meta property=\"og:url\" content=\"https:\/\/cannabismadridclub.com\/de\/blog\/\" \/>\n<meta property=\"og:site_name\" content=\"Cannabis Madrid Club\" \/>\n<meta property=\"article:modified_time\" content=\"2024-04-12T18:31:29+00:00\" \/>\n<meta name=\"twitter:card\" content=\"summary_large_image\" \/>\n<meta name=\"twitter:label1\" content=\"Gesch\u00e4tzte Lesezeit\" \/>\n\t<meta name=\"twitter:data1\" content=\"5\u00a0Minuten\" \/>\n<script type=\"application\/ld+json\" class=\"yoast-schema-graph\">{\"@context\":\"https:\/\/schema.org\",\"@graph\":[{\"@type\":\"WebPage\",\"@id\":\"https:\/\/cannabismadridclub.com\/blog\/\",\"url\":\"https:\/\/cannabismadridclub.com\/blog\/\",\"name\":\"Blog - Cannabis Madrid Club\",\"isPartOf\":{\"@id\":\"https:\/\/cannabismadridclub.com\/#website\"},\"datePublished\":\"2024-04-12T10:59:05+00:00\",\"dateModified\":\"2024-04-12T18:31:29+00:00\",\"breadcrumb\":{\"@id\":\"https:\/\/cannabismadridclub.com\/blog\/#breadcrumb\"},\"inLanguage\":\"de\",\"potentialAction\":[{\"@type\":\"ReadAction\",\"target\":[\"https:\/\/cannabismadridclub.com\/blog\/\"]}]},{\"@type\":\"BreadcrumbList\",\"@id\":\"https:\/\/cannabismadridclub.com\/blog\/#breadcrumb\",\"itemListElement\":[{\"@type\":\"ListItem\",\"position\":1,\"name\":\"Home\",\"item\":\"https:\/\/cannabismadridclub.com\/\"},{\"@type\":\"ListItem\",\"position\":2,\"name\":\"Blog\"}]},{\"@type\":\"WebSite\",\"@id\":\"https:\/\/cannabismadridclub.com\/#website\",\"url\":\"https:\/\/cannabismadridclub.com\/\",\"name\":\"Cannabis Madrid Club\",\"description\":\"\",\"publisher\":{\"@id\":\"https:\/\/cannabismadridclub.com\/#organization\"},\"potentialAction\":[{\"@type\":\"SearchAction\",\"target\":{\"@type\":\"EntryPoint\",\"urlTemplate\":\"https:\/\/cannabismadridclub.com\/?s={search_term_string}\"},\"query-input\":{\"@type\":\"PropertyValueSpecification\",\"valueRequired\":true,\"valueName\":\"search_term_string\"}}],\"inLanguage\":\"de\"},{\"@type\":\"Organization\",\"@id\":\"https:\/\/cannabismadridclub.com\/#organization\",\"name\":\"Cannabis Madrid Club\",\"url\":\"https:\/\/cannabismadridclub.com\/\",\"logo\":{\"@type\":\"ImageObject\",\"inLanguage\":\"de\",\"@id\":\"https:\/\/cannabismadridclub.com\/#\/schema\/logo\/image\/\",\"url\":\"https:\/\/cannabismadridclub.com\/wp-content\/uploads\/2023\/02\/logo_can_.png\",\"contentUrl\":\"https:\/\/cannabismadridclub.com\/wp-content\/uploads\/2023\/02\/logo_can_.png\",\"width\":250,\"height\":172,\"caption\":\"Cannabis Madrid Club\"},\"image\":{\"@id\":\"https:\/\/cannabismadridclub.com\/#\/schema\/logo\/image\/\"}}]}<\/script>\n<!-- \/ Yoast SEO plugin. -->","yoast_head_json":{"title":"Blog - Cannabis Madrid Club","robots":{"index":"index","follow":"follow","max-snippet":"max-snippet:-1","max-image-preview":"max-image-preview:large","max-video-preview":"max-video-preview:-1"},"canonical":"https:\/\/cannabismadridclub.com\/de\/blog\/","og_locale":"de_DE","og_type":"article","og_title":"Blog - Cannabis Madrid Club","og_description":"Cannabis Madrid Blog","og_url":"https:\/\/cannabismadridclub.com\/de\/blog\/","og_site_name":"Cannabis Madrid Club","article_modified_time":"2024-04-12T18:31:29+00:00","twitter_card":"summary_large_image","twitter_misc":{"Gesch\u00e4tzte Lesezeit":"5\u00a0Minuten"},"schema":{"@context":"https:\/\/schema.org","@graph":[{"@type":"WebPage","@id":"https:\/\/cannabismadridclub.com\/blog\/","url":"https:\/\/cannabismadridclub.com\/blog\/","name":"Blog - Cannabis Madrid Club","isPartOf":{"@id":"https:\/\/cannabismadridclub.com\/#website"},"datePublished":"2024-04-12T10:59:05+00:00","dateModified":"2024-04-12T18:31:29+00:00","breadcrumb":{"@id":"https:\/\/cannabismadridclub.com\/blog\/#breadcrumb"},"inLanguage":"de","potentialAction":[{"@type":"ReadAction","target":["https:\/\/cannabismadridclub.com\/blog\/"]}]},{"@type":"BreadcrumbList","@id":"https:\/\/cannabismadridclub.com\/blog\/#breadcrumb","itemListElement":[{"@type":"ListItem","position":1,"name":"Home","item":"https:\/\/cannabismadridclub.com\/"},{"@type":"ListItem","position":2,"name":"Blog"}]},{"@type":"WebSite","@id":"https:\/\/cannabismadridclub.com\/#website","url":"https:\/\/cannabismadridclub.com\/","name":"Cannabis Madrid Club","description":"","publisher":{"@id":"https:\/\/cannabismadridclub.com\/#organization"},"potentialAction":[{"@type":"SearchAction","target":{"@type":"EntryPoint","urlTemplate":"https:\/\/cannabismadridclub.com\/?s={search_term_string}"},"query-input":{"@type":"PropertyValueSpecification","valueRequired":true,"valueName":"search_term_string"}}],"inLanguage":"de"},{"@type":"Organization","@id":"https:\/\/cannabismadridclub.com\/#organization","name":"Cannabis Madrid Club","url":"https:\/\/cannabismadridclub.com\/","logo":{"@type":"ImageObject","inLanguage":"de","@id":"https:\/\/cannabismadridclub.com\/#\/schema\/logo\/image\/","url":"https:\/\/cannabismadridclub.com\/wp-content\/uploads\/2023\/02\/logo_can_.png","contentUrl":"https:\/\/cannabismadridclub.com\/wp-content\/uploads\/2023\/02\/logo_can_.png","width":250,"height":172,"caption":"Cannabis Madrid Club"},"image":{"@id":"https:\/\/cannabismadridclub.com\/#\/schema\/logo\/image\/"}}]}},"_links":{"self":[{"href":"https:\/\/cannabismadridclub.com\/de\/wp-json\/wp\/v2\/pages\/641","targetHints":{"allow":["GET"]}}],"collection":[{"href":"https:\/\/cannabismadridclub.com\/de\/wp-json\/wp\/v2\/pages"}],"about":[{"href":"https:\/\/cannabismadridclub.com\/de\/wp-json\/wp\/v2\/types\/page"}],"author":[{"embeddable":true,"href":"https:\/\/cannabismadridclub.com\/de\/wp-json\/wp\/v2\/users\/1"}],"replies":[{"embeddable":true,"href":"https:\/\/cannabismadridclub.com\/de\/wp-json\/wp\/v2\/comments?post=641"}],"version-history":[{"count":19,"href":"https:\/\/cannabismadridclub.com\/de\/wp-json\/wp\/v2\/pages\/641\/revisions"}],"predecessor-version":[{"id":663,"href":"https:\/\/cannabismadridclub.com\/de\/wp-json\/wp\/v2\/pages\/641\/revisions\/663"}],"wp:attachment":[{"href":"https:\/\/cannabismadridclub.com\/de\/wp-json\/wp\/v2\/media?parent=641"}],"curies":[{"name":"wp","href":"https:\/\/api.w.org\/{rel}","templated":true}]}}